{"id":2,"date":"2019-01-31T19:32:43","date_gmt":"2019-01-31T19:32:43","guid":{"rendered":"https:\/\/www.mymsa.mx\/site\/?page_id=2"},"modified":"2024-02-13T20:27:18","modified_gmt":"2024-02-13T20:27:18","slug":"pagina-ejemplo","status":"publish","type":"page","link":"https:\/\/www.mymsa.mx\/en\/","title":{"rendered":"Home"},"content":{"rendered":"<p>[et_pb_section fb_built=\u00bb1&#8243; _builder_version=\u00bb4.16&#8243; custom_padding=\u00bb0|0px|0|0px|false|false\u00bb global_colors_info=\u00bb{}\u00bb][et_pb_row column_structure=\u00bb3_4,1_4&#8243; use_custom_gutter=\u00bbon\u00bb gutter_width=\u00bb1&#8243; make_equal=\u00bbon\u00bb _builder_version=\u00bb4.16&#8243; width=\u00bb100%\u00bb max_width=\u00bb100%\u00bb module_alignment=\u00bbcenter\u00bb custom_padding=\u00bb0|0px|0|0px|false|false\u00bb use_custom_width=\u00bbon\u00bb width_unit=\u00bboff\u00bb custom_width_percent=\u00bb100%\u00bb global_colors_info=\u00bb{}\u00bb][et_pb_column type=\u00bb3_4&#8243; _builder_version=\u00bb4.16&#8243; custom_padding=\u00bb|||\u00bb global_colors_info=\u00bb{}\u00bb custom_padding__hover=\u00bb|||\u00bb][et_pb_video src=\u00bbhttps:\/\/www.mymsa.mx\/site\/wp-content\/uploads\/2019\/02\/corporativo_web.mp4&#8243; image_src=\u00bbhttps:\/\/www.mymsa.mx\/site\/wp-content\/uploads\/2019\/02\/mymsa1.jpg\u00bb _builder_version=\u00bb4.16&#8243; global_colors_info=\u00bb{}\u00bb][\/et_pb_video][\/et_pb_column][et_pb_column type=\u00bb1_4&#8243; _builder_version=\u00bb4.16&#8243; use_background_color_gradient=\u00bbon\u00bb background_color_gradient_stops=\u00bb#274782 0%|#2b87da 100%\u00bb background_color_gradient_start=\u00bb#274782&#8243; background_color_gradient_end=\u00bb#2b87da\u00bb custom_padding=\u00bb|||\u00bb global_colors_info=\u00bb{}\u00bb custom_padding__hover=\u00bb|||\u00bb][et_pb_blurb title=\u00bbMuebles y Manufacturas\u00bb image=\u00bbhttps:\/\/www.mymsa.mx\/site\/wp-content\/uploads\/2019\/02\/favicon.png\u00bb image_icon_width=\u00bb44%\u00bb _builder_version=\u00bb4.16&#8243; header_level=\u00bbh2&#8243; header_font=\u00bb|||on|||||\u00bb header_text_align=\u00bbcenter\u00bb header_text_color=\u00bb#ffffff\u00bb body_font=\u00bb||||||||\u00bb body_text_align=\u00bbjustify\u00bb body_text_color=\u00bb#7ccbe0&#8243; body_font_size=\u00bb18px\u00bb custom_margin=\u00bb40px|20px|0px|20px|false|true\u00bb custom_margin_tablet=\u00bb\u00bb custom_margin_phone=\u00bb|20px||20px||true\u00bb custom_margin_last_edited=\u00bbon|phone\u00bb link_option_url=\u00bbhttps:\/\/www.mymsa.mx\/site\/nosotros\/\u00bb image_max_width=\u00bb44%\u00bb global_colors_info=\u00bb{}\u00bb]<\/p>\n<p>Es una empresa manufacturera del ramo mueblero, que naci\u00f3 en el a\u00f1o de 1999, en la ciudad de Chihuahua. Leer m\u00e1s&#8230;<\/p>\n<p>[\/et_pb_blurb][et_pb_blurb title=\u00bbCapacidad de Producci\u00f3n:\u00bb image=\u00bbhttps:\/\/www.mymsa.mx\/site\/wp-content\/uploads\/2019\/02\/kitchen.svg\u00bb image_icon_width=\u00bb16%\u00bb _builder_version=\u00bb4.16&#8243; header_level=\u00bbh2&#8243; header_font=\u00bb|||on|||||\u00bb header_text_align=\u00bbcenter\u00bb header_text_color=\u00bb#7ccbe0&#8243; custom_padding=\u00bb||\u00bb image_max_width=\u00bb16%\u00bb global_colors_info=\u00bb{}\u00bb][\/et_pb_blurb][et_pb_number_counter title=\u00bbCocinetas Mensuales\u00bb number=\u00bb2,000&#8243; percent_sign=\u00bboff\u00bb _builder_version=\u00bb4.20.4&#8243; title_font=\u00bb||||||||\u00bb title_font_size=\u00bb24px\u00bb background_layout=\u00bbdark\u00bb custom_padding=\u00bb||||true\u00bb hover_enabled=\u00bb0&#8243; global_colors_info=\u00bb{}\u00bb sticky_enabled=\u00bb0&#8243;][\/et_pb_number_counter][\/et_pb_column][\/et_pb_row][\/et_pb_section]<\/p>\n","protected":false},"excerpt":{"rendered":"<p>It is a manufacturing company in the furniture industry, which was born in 1999, in the city of Chihuahua. Read more...<\/p>","protected":false},"author":1,"featured_media":0,"parent":0,"menu_order":0,"comment_status":"closed","ping_status":"closed","template":"","meta":{"_et_pb_use_builder":"on","_et_pb_old_content":"","_et_gb_content_width":"","inline_featured_image":false,"footnotes":""},"class_list":["post-2","page","type-page","status-publish","hentry"],"_links":{"self":[{"href":"https:\/\/www.mymsa.mx\/en\/wp-json\/wp\/v2\/pages\/2","targetHints":{"allow":["GET"]}}],"collection":[{"href":"https:\/\/www.mymsa.mx\/en\/wp-json\/wp\/v2\/pages"}],"about":[{"href":"https:\/\/www.mymsa.mx\/en\/wp-json\/wp\/v2\/types\/page"}],"author":[{"embeddable":true,"href":"https:\/\/www.mymsa.mx\/en\/wp-json\/wp\/v2\/users\/1"}],"replies":[{"embeddable":true,"href":"https:\/\/www.mymsa.mx\/en\/wp-json\/wp\/v2\/comments?post=2"}],"version-history":[{"count":2,"href":"https:\/\/www.mymsa.mx\/en\/wp-json\/wp\/v2\/pages\/2\/revisions"}],"predecessor-version":[{"id":230,"href":"https:\/\/www.mymsa.mx\/en\/wp-json\/wp\/v2\/pages\/2\/revisions\/230"}],"wp:attachment":[{"href":"https:\/\/www.mymsa.mx\/en\/wp-json\/wp\/v2\/media?parent=2"}],"curies":[{"name":"wp","href":"https:\/\/api.w.org\/{rel}","templated":true}]}}